{"id":50810,"date":"2026-02-10T08:26:11","date_gmt":"2026-02-10T08:26:11","guid":{"rendered":"https:\/\/toprankeurope.com\/contact\/"},"modified":"2026-02-22T16:53:34","modified_gmt":"2026-02-22T15:53:34","slug":"contact","status":"publish","type":"page","link":"https:\/\/toprankeurope.com\/fr\/contact\/","title":{"rendered":"Contactez-nous"},"content":{"rendered":"<div data-elementor-type=\"wp-page\" data-elementor-id=\"50810\" class=\"elementor elementor-50810\">\n\t\t\t\t<div class=\"elementor-element elementor-element-6db3f31 e-flex e-con-boxed e-con e-parent\" data-id=\"6db3f31\" data-element_type=\"container\" data-e-type=\"container\">\n\t\t\t\t\t<div class=\"e-con-inner\">\n\t\t\t\t<div class=\"elementor-element elementor-element-c181b41 elementor-widget elementor-widget-motors-contact-form-seven\" data-id=\"c181b41\" data-element_type=\"widget\" data-e-type=\"widget\" data-widget_type=\"motors-contact-form-seven.default\">\n\t\t\t\t<div class=\"elementor-widget-container\">\n\t\t\t\t\t\n<div class=\"stm-elementor-contact-form-seven stm_listing_car_form\" id=\"single_contact_form_21194\">\n\t<div class=\"icon-title\">\n\t\t\t\t\t<h1 class=\"heading-font title\">\n\t\t\t\tContact us\t\t\t<\/h1>\n\t\t\t<\/div>\n\n\t\t\t<div class=\"stm-single-car-contact\">\n\t\n\t\n<div class=\"wpcf7 no-js\" id=\"wpcf7-f55527-o1\" lang=\"en-US\" dir=\"ltr\" data-wpcf7-id=\"55527\">\n<div class=\"screen-reader-response\"><p role=\"status\" aria-live=\"polite\" aria-atomic=\"true\"><\/p> <ul><\/ul><\/div>\n<form action=\"\/fr\/wp-json\/wp\/v2\/pages\/50810#wpcf7-f55527-o1\" method=\"post\" class=\"wpcf7-form init\" aria-label=\"Contact form\" novalidate=\"novalidate\" data-status=\"init\" data-trp-original-action=\"\/fr\/wp-json\/wp\/v2\/pages\/50810#wpcf7-f55527-o1\">\n<fieldset class=\"hidden-fields-container\"><input type=\"hidden\" name=\"_wpcf7\" value=\"55527\" \/><input type=\"hidden\" name=\"_wpcf7_version\" value=\"6.1.5\" \/><input type=\"hidden\" name=\"_wpcf7_locale\" value=\"en_US\" \/><input type=\"hidden\" name=\"_wpcf7_unit_tag\" value=\"wpcf7-f55527-o1\" \/><input type=\"hidden\" name=\"_wpcf7_container_post\" value=\"0\" \/><input type=\"hidden\" name=\"_wpcf7_posted_data_hash\" value=\"\" \/><input type=\"hidden\" name=\"_wpcf7_recaptcha_response\" value=\"\" \/>\n<\/fieldset>\n<p><label> Nom complet<br \/>\n<span class=\"wpcf7-form-control-wrap\" data-name=\"your-name\"><input size=\"40\" maxlength=\"400\" class=\"wpcf7-form-control wpcf7-text wpcf7-validates-as-required\" autocomplete=\"name\" aria-required=\"true\" aria-invalid=\"false\" value=\"\" type=\"text\" name=\"your-name\" \/><\/span> <\/label>\n<\/p>\n<p><label> Email *<br \/>\n<span class=\"wpcf7-form-control-wrap\" data-name=\"your-email\"><input size=\"40\" maxlength=\"400\" class=\"wpcf7-form-control wpcf7-email wpcf7-validates-as-required wpcf7-text wpcf7-validates-as-email\" autocomplete=\"email\" aria-required=\"true\" aria-invalid=\"false\" value=\"\" type=\"email\" name=\"your-email\" \/><\/span> <\/label>\n<\/p>\n<p><label> Confirmez votre Email<br \/>\n<span class=\"wpcf7-form-control-wrap\" data-name=\"your-email-confirm\"><input size=\"40\" maxlength=\"400\" class=\"wpcf7-form-control wpcf7-email wpcf7-validates-as-required wpcf7-text wpcf7-validates-as-email\" aria-required=\"true\" aria-invalid=\"false\" value=\"\" type=\"email\" name=\"your-email-confirm\" \/><\/span> <\/label>\n<\/p>\n<p><label> T\u00e9l\u00e9phone<br \/>\n<span class=\"wpcf7-form-control-wrap\" data-name=\"your-phone\"><input size=\"40\" maxlength=\"400\" class=\"wpcf7-form-control wpcf7-tel wpcf7-text wpcf7-validates-as-tel\" autocomplete=\"tel\" aria-invalid=\"false\" value=\"\" type=\"tel\" name=\"your-phone\" \/><\/span> <\/label>\n<\/p>\n<p><label> Int\u00e9ress\u00e9 par<br \/>\n<span class=\"wpcf7-form-control-wrap\" data-name=\"your-interest\"><select class=\"wpcf7-form-control wpcf7-select\" aria-invalid=\"false\" name=\"your-interest\"><option value=\"Car from our stock\">Voiture de notre inventaire<\/option><option value=\"Import from Japan\">Import du Japon<\/option><option value=\"Auction purchase\">Achat aux ench\u00e8res<\/option><option value=\"General information\">Information g\u00e9n\u00e9rale<\/option><\/select><\/span> <\/label>\n<\/p>\n<p><label> Budget (optionnel)<br \/>\n<span class=\"wpcf7-form-control-wrap\" data-name=\"your-budget\"><input size=\"40\" maxlength=\"400\" class=\"wpcf7-form-control wpcf7-text\" aria-invalid=\"false\" placeholder=\"e.g. 30,000 \u20ac\" value=\"\" type=\"text\" name=\"your-budget\" \/><\/span> <\/label>\n<\/p>\n<p><label> Message *<br \/>\n<span class=\"wpcf7-form-control-wrap\" data-name=\"your-message\"><textarea cols=\"40\" rows=\"10\" maxlength=\"2000\" class=\"wpcf7-form-control wpcf7-textarea wpcf7-validates-as-required\" aria-required=\"true\" aria-invalid=\"false\" placeholder=\"Dites-nous quelle voiture vous recherchez (mod\u00e8le, ann\u00e9e, caract\u00e9ristiques, pays\u2026).\" name=\"your-message\"><\/textarea><\/span> <\/label>\n<\/p>\n<p><span class=\"wpcf7-form-control-wrap\" data-name=\"acceptance-gdpr\"><span class=\"wpcf7-form-control wpcf7-acceptance\"><span class=\"wpcf7-list-item\"><label><input type=\"checkbox\" name=\"acceptance-gdpr\" value=\"1\" aria-invalid=\"false\" \/><span class=\"wpcf7-list-item-label\">J'accepte que mes donn\u00e9es soient utilis\u00e9es pour r\u00e9pondre \u00e0 ma demande, conform\u00e9ment \u00e0 la politique de confidentialit\u00e9.<\/span><\/label><\/span><\/span><\/span>\n<\/p>\n<p><input class=\"wpcf7-form-control wpcf7-submit has-spinner\" type=\"submit\" value=\"Envoyer\" \/>\n<\/p><p style=\"display: none !important;\" class=\"akismet-fields-container\" data-prefix=\"_wpcf7_ak_\"><label>&#916;<textarea name=\"_wpcf7_ak_hp_textarea\" cols=\"45\" rows=\"8\" maxlength=\"100\"><\/textarea><\/label><input type=\"hidden\" id=\"ak_js_1\" name=\"_wpcf7_ak_js\" value=\"225\"\/><script>document.getElementById( \"ak_js_1\" ).setAttribute( \"value\", ( new Date() ).getTime() );<\/script><\/p><div class=\"wpcf7-response-output\" aria-hidden=\"true\"><\/div>\n<input type=\"hidden\" name=\"trp-form-language\" value=\"fr\"\/><\/form>\n<\/div>\n\t\t\t<\/div>\n\t<\/div>\n\n\t\t\t\t<\/div>\n\t\t\t\t<\/div>\n\t\t\t\t\t<\/div>\n\t\t\t\t<\/div>\n\t\t\t\t<\/div>","protected":false},"excerpt":{"rendered":"<p>Contact us Full Name * Email * Confirm Email * Phone Interested in Car from our stockImport from JapanAuction purchaseGeneral information Budget (optional) Message * I agree that my data will be used to reply to my request, according to the privacy policy. &#916;<\/p>","protected":false},"author":2,"featured_media":0,"parent":0,"menu_order":0,"comment_status":"closed","ping_status":"closed","template":"elementor_canvas","meta":{"footnotes":""},"class_list":["post-50810","page","type-page","status-publish","hentry"],"_links":{"self":[{"href":"https:\/\/toprankeurope.com\/fr\/wp-json\/wp\/v2\/pages\/50810","targetHints":{"allow":["GET"]}}],"collection":[{"href":"https:\/\/toprankeurope.com\/fr\/wp-json\/wp\/v2\/pages"}],"about":[{"href":"https:\/\/toprankeurope.com\/fr\/wp-json\/wp\/v2\/types\/page"}],"author":[{"embeddable":true,"href":"https:\/\/toprankeurope.com\/fr\/wp-json\/wp\/v2\/users\/2"}],"replies":[{"embeddable":true,"href":"https:\/\/toprankeurope.com\/fr\/wp-json\/wp\/v2\/comments?post=50810"}],"version-history":[{"count":3,"href":"https:\/\/toprankeurope.com\/fr\/wp-json\/wp\/v2\/pages\/50810\/revisions"}],"predecessor-version":[{"id":55555,"href":"https:\/\/toprankeurope.com\/fr\/wp-json\/wp\/v2\/pages\/50810\/revisions\/55555"}],"wp:attachment":[{"href":"https:\/\/toprankeurope.com\/fr\/wp-json\/wp\/v2\/media?parent=50810"}],"curies":[{"name":"wp","href":"https:\/\/api.w.org\/{rel}","templated":true}]}}